{"id":690,"date":"2013-01-04T10:29:05","date_gmt":"2013-01-04T09:29:05","guid":{"rendered":"http:\/\/ega.or.at\/?page_id=690"},"modified":"2020-11-26T12:35:11","modified_gmt":"2020-11-26T11:35:11","slug":"uber-das-ega-2","status":"publish","type":"page","link":"https:\/\/ega.or.at\/?page_id=690","title":{"rendered":"\u00dcber das EGA"},"content":{"rendered":"<div>\n<p>Kultur. Kommunikation. Kontakt. An diesen Eckpfeilern orientiert sich das Angebot des ega. Es kommt von Frauen* und ist f\u00fcr Frauen* gedacht. Das Frauen*zentrum ist ein Angebot an alle Wiener*innen, in eine offene partnerschaftliche und emanzipierte Gesellschaft einzutreten.<\/p>\n<p>Hier k\u00f6nnen Frauen* sich und ihre k\u00fcnstlerische Arbeit vorstellen. Verschiedene Weiterbildungsangebote helfen den Teilnehmer*innen fest auf eigenen Beinen zu stehen. Das Angebot des ega wird durch Diskussionsveranstaltungen und Feste abgerundet.&nbsp; Der Dialog mit den Wiener*innen steht f\u00fcr uns im Vordergrund. In diesem Sinne finden im ega regelm\u00e4\u00dfig Diskussionen und thematische Veranstaltungen mit Politiker*innen und Expert*innen zu aktuellen Themen statt.<\/p>\n<p>Wir laden dich gerne zu einem Kennenlernen, zur gemeinsamen Diskussion oder zu einem unserer Seminare ein und freuen uns darauf, dich im ega zu begr\u00fc\u00dfen.<\/p>\n<p><img loading=\"lazy\" decoding=\"async\" src=\"http:\/\/ega.or.at\/wp-content\/uploads\/2013\/01\/ega-geb.png\" alt=\"ega-geb\" width=\"319\" height=\"200\"><\/p>\n<\/div>\n","protected":false},"excerpt":{"rendered":"<p>Kultur. Kommunikation. Kontakt. An diesen Eckpfeilern orientiert sich das Angebot des ega. Es kommt von Frauen* und ist f\u00fcr Frauen* gedacht. Das Frauen*zentrum ist ein Angebot an alle Wiener*innen, in eine offene partnerschaftliche und emanzipierte Gesellschaft einzutreten. Hier k\u00f6nnen Frauen* &hellip; <a href=\"https:\/\/ega.or.at\/?page_id=690\">Weiterlesen <span class=\"meta-nav\">&rarr;<\/span><\/a><\/p>\n","protected":false},"author":11,"featured_media":0,"parent":0,"menu_order":16,"comment_status":"closed","ping_status":"closed","template":"","meta":{"ngg_post_thumbnail":0,"footnotes":""},"class_list":["post-690","page","type-page","status-publish","hentry"],"_links":{"self":[{"href":"https:\/\/ega.or.at\/index.php?rest_route=\/wp\/v2\/pages\/690","targetHints":{"allow":["GET"]}}],"collection":[{"href":"https:\/\/ega.or.at\/index.php?rest_route=\/wp\/v2\/pages"}],"about":[{"href":"https:\/\/ega.or.at\/index.php?rest_route=\/wp\/v2\/types\/page"}],"author":[{"embeddable":true,"href":"https:\/\/ega.or.at\/index.php?rest_route=\/wp\/v2\/users\/11"}],"replies":[{"embeddable":true,"href":"https:\/\/ega.or.at\/index.php?rest_route=%2Fwp%2Fv2%2Fcomments&post=690"}],"version-history":[{"count":8,"href":"https:\/\/ega.or.at\/index.php?rest_route=\/wp\/v2\/pages\/690\/revisions"}],"predecessor-version":[{"id":7568,"href":"https:\/\/ega.or.at\/index.php?rest_route=\/wp\/v2\/pages\/690\/revisions\/7568"}],"wp:attachment":[{"href":"https:\/\/ega.or.at\/index.php?rest_route=%2Fwp%2Fv2%2Fmedia&parent=690"}],"curies":[{"name":"wp","href":"https:\/\/api.w.org\/{rel}","templated":true}]}}