{"id":5380,"date":"2018-05-03T13:57:19","date_gmt":"2018-05-03T12:57:19","guid":{"rendered":"http:\/\/ega.or.at\/?page_id=5380"},"modified":"2021-07-27T09:20:22","modified_gmt":"2021-07-27T08:20:22","slug":"datenschutz","status":"publish","type":"page","link":"https:\/\/ega.or.at\/?page_id=5380","title":{"rendered":"Datenschutzerkl\u00e4rung"},"content":{"rendered":"<p><strong>Datenschutzerkl\u00e4rung des ega: frauen im zentrum<\/strong><\/p>\n<p>Die ega: frauen im zentrum ist sich ihrer gro\u00dfen Verantwortung bei der Verarbeitung personenbezogener Daten bewusst und verpflichtet sich daher zur vollst\u00e4ndigen Einhaltung von Datenschutzrechten.<\/p>\n<p>Die vorliegende Datenschutzerkl\u00e4rung dient dazu, unsere Interessent\/innen \u00fcber alle Aspekte der Verarbeitung ihrer personenbezogenen Daten zu informieren (Transparenz) und ihnen den Zugang zu ihren Rechten und M\u00f6glichkeiten im Rahmen der Datenschutzbestimmungen zu erleichtern.<\/p>\n<p>Es werden auch jene Ma\u00dfnahmen beschrieben, welche ega:frauen im zentrum ergriffen hat, um die Sicherheit und Vertraulichkeit der Daten zu sch\u00fctzen.<\/p>\n<p>Es werden ausschlie\u00dflich personenbezogene Daten f\u00fcr den Zweck erhoben und verarbeitet, die vor der Erhebung der Daten festgelegt wurden. Die Verarbeitung aller personenbezogenen Daten erfolgt unter strikter Beachtung der geltenden datenschutzrechtlichen Bestimmungen. Personenbezogene Daten werden weder ver\u00f6ffentlicht, noch unberechtigt an Dritte weitergegeben. Die Datenverarbeitung erfolgt ausschlie\u00dflich im EU-Inland.<\/p>\n<p>Diese Datenschutzerkl\u00e4rung gilt f\u00fcr die Website ega.wien. Einzelne Seiten k\u00f6nnen Links auf andere Anbieter\/innen innerhalb und au\u00dferhalb der Website enthalten, auf die sich die Datenschutzerkl\u00e4rung nicht erstreckt. F\u00fcr diese Inhalte \u00fcbernehmen wir keine Haftung.<\/p>\n<p><strong>Auftragsverarbeiter\/in<\/strong><\/p>\n<p>Eine Auftragsdatenverarbeitung liegt vor, wenn ein\/e Auftragsverarbeiter\/in mit der Verarbeitung personenbezogener Daten beauftragt wird, ohne dass ihm\/ihr die Verantwortung f\u00fcr den zugeh\u00f6rigen Gesch\u00e4ftsprozess \u00fcbertragen wird. In diesen F\u00e4llen schlie\u00dfen wir mit dem\/der externen Auftragsverarbeiter\/in eine Vereinbarung \u00fcber eine Auftragsdatenverarbeitung ab. Dabei beh\u00e4lt ega: frauen im zentrum die volle Verantwortung f\u00fcr die datenschutzrechtlich korrekte Durchf\u00fchrung der Datenverarbeitung.<\/p>\n<p><strong>Datenarten und Zweck der Verarbeitung<\/strong><\/p>\n<p>Die Verwendung personenbezogener zur Versendung von elektronischer Post zu Werbungszwecken, f\u00fcr Informationen und Veranstaltungseinladungen erfolgt nur f\u00fcr diesen Zweck, mit ausdr\u00fccklicher Einwilligung und kann jederzeit widerrufen werden.<\/p>\n<p><strong>Dauer der Datenspeicherung<\/strong><\/p>\n<p>ega: frauen im zentrum speichert Daten bis Widerruf. Danach werden sie unwiderruflich gel\u00f6scht.<\/p>\n<p><b>Erhebung und Verarbeitung von personenbezogenen Daten beim Besuch unserer Website<\/b><\/p>\n<p>Wenn Sie unsere Website besuchen, speichern unsere Webserver tempor\u00e4r jeden Zugriff in einer Protokolldatei. Folgende Daten werden erfasst und bis zur automatisierten L\u00f6schung, die in der Regel alle 6 Monate erfolgt, gespeichert:<\/p>\n<p>\u2022&nbsp;&nbsp;&nbsp;&nbsp;&nbsp; IP-Adresse des anfragenden Rechners<\/p>\n<p>\u2022&nbsp;&nbsp;&nbsp;&nbsp;&nbsp; Datum und Uhrzeit des Zugriffs<\/p>\n<p>\u2022&nbsp;&nbsp;&nbsp;&nbsp;&nbsp; Name und URL der abgerufenen Daten<\/p>\n<p>\u2022&nbsp;&nbsp;&nbsp;&nbsp;&nbsp; \u00dcbertragene Datenmenge<\/p>\n<p>\u2022&nbsp;&nbsp;&nbsp;&nbsp;&nbsp; Meldung, ob der Abruf erfolgreich war<\/p>\n<p>\u2022&nbsp;&nbsp;&nbsp;&nbsp;&nbsp; Erkennungsdaten des verwendeten Browser- und Betriebssystems<\/p>\n<p>\u2022&nbsp;&nbsp;&nbsp;&nbsp;&nbsp; Website, von der aus der Zugriff erfolgt<\/p>\n<p>\u2022&nbsp;&nbsp;&nbsp;&nbsp;&nbsp; Name Ihres Internet-Zugangs-Providers<\/p>\n<p>Die Verarbeitung dieser Daten erfolgt zum Zweck, die Nutzung der Website zu erm\u00f6glichen (Verbindungsaufbau), der Systemsicherheit, der technischen Administration der Netzinfrastruktur sowie zur Optimierung des Internetangebotes. Die IP-Adresse wird nur bei Angriffen auf unsere Netzinfrastruktur ausgewertet.<\/p>\n<p>Dar\u00fcber hinausgehende personenbezogene Angaben wie Ihr Name, Ihre Anschrift, Telefonnummer oder E-Mail-Adresse werden nicht erfasst, es sei denn, diese Angaben werden von Ihnen freiwillig gemacht, z.B. im Rahmen einer Kontaktaufnahme.<\/p>\n<p><strong>Datensicherheitsma\u00dfnahmen<\/strong><\/p>\n<p>Die personenbezogenen Daten werden mit besonderer Sorgfalt sowohl auf technischer als auch organisatorischer Ebene aufbewahrt und gesichert. Sie sind vor zuf\u00e4lliger oder unrechtm\u00e4\u00dfiger Zerst\u00f6rung und vor Verlust gesch\u00fctzt.<\/p>\n<p>Alle Auftragsverarbeiter\/innen sind aufgrund einer vertraglichen Vereinbarung dazu verpflichtet, ebenfalls alle technischen und organisatorischen Ma\u00dfnahmen f\u00fcr eine sichere Verarbeitung zu ergreifen.<\/p>\n<p><strong>Meldungsverpflichtung<\/strong><\/p>\n<p>Im Fall einer Verletzung des Schutzes personenbezogener Daten ist ega:frauen im zentrum verpflichtet unverz\u00fcglich die Datenschutzbeh\u00f6rde von dieser Verletzung zu benachrichtigen. Ist anzunehmen, dass durch eine solche Verletzung Personen in ihrer Privatsph\u00e4re oder die personenbezogenen Daten selbst beeintr\u00e4chtigt werden, kann die Datenschutzbeh\u00f6rde &#8211; nach Ber\u00fccksichtigung der wahrscheinlichen nachteiligen Auswirkungen der Verletzung \u2013 ega:frauen im zentrum auffordern, eine Benachrichtigung der betroffenen Personen durchzuf\u00fchren.<\/p>\n<p><strong>Information \u00fcber Betroffenenrechte<\/strong><\/p>\n<p>Als Betroffene\/r steht Ihnen ein Auskunftsrecht bez\u00fcglich der \u00fcber Sie gespeicherten personenbezogenen Daten, ein Recht auf Richtigstellung unrichtiger Daten, auf Einschr\u00e4nkung und Widerspruch der Verarbeitung und auf L\u00f6schung zu. Um diese Rechte aus\u00fcben zu k\u00f6nnen, m\u00fcssen Sie in geeigneter Form ihre Identit\u00e4t nachweisen.<\/p>\n<p>Innerhalb von einem Monat nach Einlangen Ihres Begehrens werden wir die Auskunft erteilen oder schriftlich begr\u00fcnden, warum sie nicht oder nicht vollst\u00e4ndig erteilt werden kann.<\/p>\n<p><strong>Die Datenschutzbeh\u00f6rde (DSB)<\/strong><\/p>\n<p>Im Falle einer angenommenen Unstimmigkeit des Schutzes personenbezogener Daten besteht f\u00fcr Betroffene die M\u00f6glichkeit Beschwerde bei der \u00f6sterreichischen Datenschutzbeh\u00f6rde (http:\/\/www.dsb.gv.at) zu erheben.<\/p>\n<p><strong>\u00c4nderung dieser Datenschutzerkl\u00e4rung<\/strong><\/p>\n<p>Da diese Hinweise der jeweils aktuellen Rechtslage unterliegen behalten wir uns vor, diese Datenschutzerkl\u00e4rung k\u00fcnftig entsprechend zu \u00e4ndern. Wir empfehlen, diese Datenschutzerkl\u00e4rung regelm\u00e4\u00dfig zu lesen.<\/p>\n<p>Verantwortliche: ega: frauen im zentrum \u2013 Windm\u00fchlgasse 26, 1060 Wien E-Mail: office@ega.wien<\/p>\n<p>&nbsp;<\/p>\n","protected":false},"excerpt":{"rendered":"<p>Datenschutzerkl\u00e4rung des ega: frauen im zentrum Die ega: frauen im zentrum ist sich ihrer gro\u00dfen Verantwortung bei der Verarbeitung personenbezogener Daten bewusst und verpflichtet sich daher zur vollst\u00e4ndigen Einhaltung von Datenschutzrechten. Die vorliegende Datenschutzerkl\u00e4rung dient dazu, unsere Interessent\/innen \u00fcber alle &hellip; <a href=\"https:\/\/ega.or.at\/?page_id=5380\">Weiterlesen <span class=\"meta-nav\">&rarr;<\/span><\/a><\/p>\n","protected":false},"author":11,"featured_media":0,"parent":0,"menu_order":20,"comment_status":"closed","ping_status":"closed","template":"","meta":{"ngg_post_thumbnail":0,"footnotes":""},"class_list":["post-5380","page","type-page","status-publish","hentry"],"_links":{"self":[{"href":"https:\/\/ega.or.at\/index.php?rest_route=\/wp\/v2\/pages\/5380","targetHints":{"allow":["GET"]}}],"collection":[{"href":"https:\/\/ega.or.at\/index.php?rest_route=\/wp\/v2\/pages"}],"about":[{"href":"https:\/\/ega.or.at\/index.php?rest_route=\/wp\/v2\/types\/page"}],"author":[{"embeddable":true,"href":"https:\/\/ega.or.at\/index.php?rest_route=\/wp\/v2\/users\/11"}],"replies":[{"embeddable":true,"href":"https:\/\/ega.or.at\/index.php?rest_route=%2Fwp%2Fv2%2Fcomments&post=5380"}],"version-history":[{"count":11,"href":"https:\/\/ega.or.at\/index.php?rest_route=\/wp\/v2\/pages\/5380\/revisions"}],"predecessor-version":[{"id":7958,"href":"https:\/\/ega.or.at\/index.php?rest_route=\/wp\/v2\/pages\/5380\/revisions\/7958"}],"wp:attachment":[{"href":"https:\/\/ega.or.at\/index.php?rest_route=%2Fwp%2Fv2%2Fmedia&parent=5380"}],"curies":[{"name":"wp","href":"https:\/\/api.w.org\/{rel}","templated":true}]}}